{"id":2498,"date":"2023-05-19T06:26:17","date_gmt":"2023-05-19T06:26:17","guid":{"rendered":"https:\/\/dagfood.com\/%d0%be-%d0%bd%d0%b0%d1%81\/"},"modified":"2023-10-26T19:39:47","modified_gmt":"2023-10-26T19:39:47","slug":"%d0%be-%d0%bd%d0%b0%d1%81","status":"publish","type":"page","link":"https:\/\/dagfood.com\/ru\/%d0%be-%d0%bd%d0%b0%d1%81\/","title":{"rendered":"\u041e \u043d\u0430\u0441"},"content":{"rendered":"\t\t<div data-elementor-type=\"wp-page\" data-elementor-id=\"2498\" class=\"elementor elementor-2498 elementor-25\" data-elementor-post-type=\"page\">\n\t\t\t\t\t\t<section class=\"elementor-section elementor-top-section elementor-element elementor-element-bc29071 elementor-section-stretched elementor-section-content-middle elementor-section-boxed elementor-section-height-default elementor-section-height-default\" data-id=\"bc29071\" data-element_type=\"section\" data-e-type=\"section\" data-settings=\"{&quot;stretch_section&quot;:&quot;section-stretched&quot;}\">\n\t\t\t\t\t\t<div class=\"elementor-container elementor-column-gap-custom\">\n\t\t\t\t\t<div class=\"elementor-column elementor-col-50 elementor-top-column elementor-element elementor-element-e765726\" data-id=\"e765726\" data-element_type=\"column\" data-e-type=\"column\">\n\t\t\t<div class=\"elementor-widget-wrap elementor-element-populated\">\n\t\t\t\t\t\t<div class=\"elementor-element elementor-element-6cca086 elementor-widget elementor-widget-heading\" data-id=\"6cca086\" data-element_type=\"widget\" data-e-type=\"widget\" data-widget_type=\"heading.default\">\n\t\t\t\t<div class=\"elementor-widget-container\">\n\t\t\t\t\t<h2 class=\"elementor-heading-title elementor-size-default\">\u041e\u041e\u041e \"\u0414\u0430\u0433 \u0424\u0443\u0434\".\n<\/h2>\t\t\t\t<\/div>\n\t\t\t\t<\/div>\n\t\t\t\t<div class=\"elementor-element elementor-element-baf3dc6 elementor-widget__width-initial elementor-widget elementor-widget-text-editor\" data-id=\"baf3dc6\" data-element_type=\"widget\" data-e-type=\"widget\" data-widget_type=\"text-editor.default\">\n\t\t\t\t<div class=\"elementor-widget-container\">\n\t\t\t\t\t\t\t\t\t<p>\u0412 1986 \u0433\u043e\u0434\u0443 \u043a\u043e\u043c\u043f\u0430\u043d\u0438\u044f Da\u011f Trading \u043d\u0430\u0447\u0430\u043b\u0430 \u0441\u0432\u043e\u044e \u0434\u0435\u044f\u0442\u0435\u043b\u044c\u043d\u043e\u0441\u0442\u044c, \u0437\u0430\u043d\u0438\u043c\u0430\u044f\u0441\u044c \u043f\u043e\u043a\u0443\u043f\u043a\u043e\u0439 \u0438 \u043f\u0440\u043e\u0434\u0430\u0436\u0435\u0439 \u0441\u0443\u0448\u0435\u043d\u044b\u0445 \u0430\u0431\u0440\u0438\u043a\u043e\u0441\u043e\u0432 \u0432 \u041c\u0430\u043b\u0430\u0442\u044c\u0435.<\/p>\n<p>\u0421 01.01.2009 \u0433. \u043e\u043d\u0430 \u0432\u0435\u0434\u0435\u0442 \u0441\u0432\u043e\u044e \u0442\u043e\u0440\u0433\u043e\u0432\u0443\u044e \u0434\u0435\u044f\u0442\u0435\u043b\u044c\u043d\u043e\u0441\u0442\u044c \u043f\u043e\u0434 \u043d\u0430\u0437\u0432\u0430\u043d\u0438\u0435\u043c Da\u011f Kuru G\u0131da \u0130n\u015f.\u0130th.\u0130hr ve San tic. Ltd.\u015eti \u0441 01.01.2009.<\/p>\n<p>\u041a\u043e\u043c\u043f\u0430\u043d\u0438\u044f Dag Food Agricultural Products Co &amp; Ltd &#8212; \u043e\u0434\u0438\u043d \u0438\u0437 \u043f\u0438\u043e\u043d\u0435\u0440\u043e\u0432 \u043d\u0430 \u0440\u044b\u043d\u043a\u0435 \u0441\u0443\u0445\u043e\u0444\u0440\u0443\u043a\u0442\u043e\u0432, \u0441\u043f\u0435\u0446\u0438\u0430\u043b\u0438\u0437\u0438\u0440\u0443\u044e\u0449\u0438\u0439\u0441\u044f \u043d\u0430 \u043f\u0435\u0440\u0435\u0440\u0430\u0431\u043e\u0442\u043a\u0435 \u0438 \u0443\u043f\u0430\u043a\u043e\u0432\u043a\u0435 \u0441\u0443\u0448\u0435\u043d\u044b\u0445 \u0430\u0431\u0440\u0438\u043a\u043e\u0441\u043e\u0432. 32-\u043b\u0435\u0442\u043d\u0438\u0439 \u043e\u043f\u044b\u0442 \u0440\u0430\u0431\u043e\u0442\u044b \u0438 \u043f\u0440\u0435\u0434\u0430\u043d\u043d\u043e\u0441\u0442\u044c \u0434\u0435\u043b\u0443 \u043d\u0430\u0448\u0438\u0445 \u0441\u043e\u0442\u0440\u0443\u0434\u043d\u0438\u043a\u043e\u0432 \u043f\u043e\u0431\u0443\u0436\u0434\u0430\u044e\u0442 \u043d\u0430\u0441 \u043f\u043e\u0441\u0442\u043e\u044f\u043d\u043d\u043e \u043f\u0440\u0435\u0434\u043b\u0430\u0433\u0430\u0442\u044c \u043d\u0430\u0448\u0438\u043c \u043a\u043b\u0438\u0435\u043d\u0442\u0430\u043c \u043b\u0443\u0447\u0448\u0435\u0435 \u043a\u0430\u0447\u0435\u0441\u0442\u0432\u043e, \u0446\u0435\u043d\u0443 \u0438 \u0441\u0435\u0440\u0432\u0438\u0441.<\/p>\n<p>\u0414\u043b\u044f \u0442\u043e\u0433\u043e \u0447\u0442\u043e\u0431\u044b \u043f\u0440\u0435\u0434\u0441\u0442\u0430\u0432\u0438\u0442\u044c \u043d\u0430\u0448\u0438\u043c \u043a\u043b\u0438\u0435\u043d\u0442\u0430\u043c \u0431\u043e\u043b\u0435\u0435 \u043a\u0430\u0447\u0435\u0441\u0442\u0432\u0435\u043d\u043d\u044b\u0439 \u0441\u0443\u0448\u0435\u043d\u044b\u0439 \u0430\u0431\u0440\u0438\u043a\u043e\u0441, \u043d\u0430\u0448\u0430 \u0444\u0430\u0431\u0440\u0438\u043a\u0430 \u0432 \u041c\u0430\u043b\u0430\u0442\u044c\u0435 3. \u041d\u0430\u0447\u0430\u043b\u0430\u0441\u044c \u0440\u0430\u0431\u043e\u0442\u0430 \u043f\u043e \u043e\u0440\u0433\u0430\u043d\u0438\u0437\u0430\u0446\u0438\u0438 \u043f\u0440\u043e\u043c\u044b\u0448\u043b\u0435\u043d\u043d\u043e\u0439 \u0437\u043e\u043d\u044b. \u041e\u043d \u0438\u043c\u0435\u0435\u0442 \u0437\u0430\u043a\u0440\u044b\u0442\u0443\u044e \u043f\u043b\u043e\u0449\u0430\u0434\u044c 3000 \u043a\u0432. \u043c \u0438 \u043e\u0442\u043a\u0440\u044b\u0442\u0443\u044e \u043f\u043b\u043e\u0449\u0430\u0434\u044c 3500 \u043a\u0432. \u043c, \u0430 \u0442\u0430\u043a\u0436\u0435 \u043e\u0441\u043d\u0430\u0449\u0435\u043d \u0431\u043e\u043b\u0435\u0435 \u0441\u043e\u0432\u0440\u0435\u043c\u0435\u043d\u043d\u044b\u043c\u0438 \u043d\u043e\u0432\u044b\u043c\u0438 \u0441\u0442\u0430\u043d\u043a\u0430\u043c\u0438.<\/p>\n<p>\u041d\u0430\u0448\u0438 \u043c\u043e\u0449\u043d\u043e\u0441\u0442\u0438 \u043f\u043e \u044d\u043a\u0441\u043f\u043e\u0440\u0442\u0443 \u0441\u0443\u0448\u0435\u043d\u043e\u0433\u043e \u0430\u0431\u0440\u0438\u043a\u043e\u0441\u0430 \u0441\u043e\u0441\u0442\u0430\u0432\u043b\u044f\u044e\u0442 3500 \u0442\u043e\u043d\u043d \u0432 \u0433\u043e\u0434.<\/p>\n\t\t\t\t\t\t\t\t<\/div>\n\t\t\t\t<\/div>\n\t\t\t\t\t<\/div>\n\t\t<\/div>\n\t\t\t\t<div class=\"elementor-column elementor-col-50 elementor-top-column elementor-element elementor-element-e5f0b86\" data-id=\"e5f0b86\" data-element_type=\"column\" data-e-type=\"column\">\n\t\t\t<div class=\"elementor-widget-wrap elementor-element-populated\">\n\t\t\t\t\t\t<div class=\"elementor-element elementor-element-c543173 elementor-widget elementor-widget-image\" data-id=\"c543173\" data-element_type=\"widget\" data-e-type=\"widget\" data-widget_type=\"image.default\">\n\t\t\t\t<div class=\"elementor-widget-container\">\n\t\t\t\t\t\t\t\t\t\t\t\t\t\t\t<img loading=\"lazy\" loading=\"lazy\" decoding=\"async\" width=\"900\" height=\"675\" src=\"https:\/\/dagfood.com\/wp-content\/uploads\/2023\/08\/logo_GUIDE-6-900x675-1.png\" class=\"attachment-full size-full wp-image-1403\" alt=\"\" srcset=\"https:\/\/dagfood.com\/wp-content\/uploads\/2023\/08\/logo_GUIDE-6-900x675-1.png 900w, https:\/\/dagfood.com\/wp-content\/uploads\/2023\/08\/logo_GUIDE-6-900x675-1-300x225.png 300w, https:\/\/dagfood.com\/wp-content\/uploads\/2023\/08\/logo_GUIDE-6-900x675-1-768x576.png 768w, https:\/\/dagfood.com\/wp-content\/uploads\/2023\/08\/logo_GUIDE-6-900x675-1-600x450.png 600w, https:\/\/dagfood.com\/wp-content\/uploads\/2023\/08\/logo_GUIDE-6-900x675-1-1x1.png 1w, https:\/\/dagfood.com\/wp-content\/uploads\/2023\/08\/logo_GUIDE-6-900x675-1-10x8.png 10w\" sizes=\"auto, (max-width: 900px) 100vw, 900px\" \/>\t\t\t\t\t\t\t\t\t\t\t\t\t\t\t<\/div>\n\t\t\t\t<\/div>\n\t\t\t\t\t<\/div>\n\t\t<\/div>\n\t\t\t\t\t<\/div>\n\t\t<\/section>\n\t\t\t\t<section class=\"elementor-section elementor-top-section elementor-element elementor-element-3ca6853 elementor-section-stretched elementor-section-content-middle elementor-hidden-desktop elementor-hidden-tablet elementor-hidden-mobile elementor-section-boxed elementor-section-height-default elementor-section-height-default\" data-id=\"3ca6853\" data-element_type=\"section\" data-e-type=\"section\" data-settings=\"{&quot;stretch_section&quot;:&quot;section-stretched&quot;}\">\n\t\t\t\t\t\t<div class=\"elementor-container elementor-column-gap-no\">\n\t\t\t\t\t<div class=\"elementor-column elementor-col-50 elementor-top-column elementor-element elementor-element-6311062\" data-id=\"6311062\" data-element_type=\"column\" data-e-type=\"column\" data-settings=\"{&quot;background_background&quot;:&quot;classic&quot;}\">\n\t\t\t<div class=\"elementor-widget-wrap elementor-element-populated\">\n\t\t\t\t\t\t<section class=\"elementor-section elementor-inner-section elementor-element elementor-element-2c6a831 elementor-section-boxed elementor-section-height-default elementor-section-height-default\" data-id=\"2c6a831\" data-element_type=\"section\" data-e-type=\"section\" data-settings=\"{&quot;background_background&quot;:&quot;classic&quot;}\">\n\t\t\t\t\t\t<div class=\"elementor-container elementor-column-gap-default\">\n\t\t\t\t\t<div class=\"elementor-column elementor-col-50 elementor-inner-column elementor-element elementor-element-58dc186\" data-id=\"58dc186\" data-element_type=\"column\" data-e-type=\"column\">\n\t\t\t<div class=\"elementor-widget-wrap elementor-element-populated\">\n\t\t\t\t\t\t<div class=\"elementor-element elementor-element-b73fc4b elementor-widget elementor-widget-counter\" data-id=\"b73fc4b\" data-element_type=\"widget\" data-e-type=\"widget\" data-widget_type=\"counter.default\">\n\t\t\t\t<div class=\"elementor-widget-container\">\n\t\t\t\t\t\t\t<div class=\"elementor-counter\">\n\t\t\t<div class=\"elementor-counter-title\">\u0418\u0442\u043e\u0433\u043e \u041b\u0443\u0447\u0448\u0438\u0435 \u0443\u0441\u043b\u0443\u0433\u0438  <\/div>\t\t\t<div class=\"elementor-counter-number-wrapper\">\n\t\t\t\t<span class=\"elementor-counter-number-prefix\"><\/span>\n\t\t\t\t<span class=\"elementor-counter-number\" data-duration=\"2000\" data-to-value=\"19\" data-from-value=\"0\" data-delimiter=\",\">0<\/span>\n\t\t\t\t<span class=\"elementor-counter-number-suffix\">+<\/span>\n\t\t\t<\/div>\n\t\t<\/div>\n\t\t\t\t\t\t<\/div>\n\t\t\t\t<\/div>\n\t\t\t\t\t<\/div>\n\t\t<\/div>\n\t\t\t\t<div class=\"elementor-column elementor-col-50 elementor-inner-column elementor-element elementor-element-20d92cc\" data-id=\"20d92cc\" data-element_type=\"column\" data-e-type=\"column\">\n\t\t\t<div class=\"elementor-widget-wrap elementor-element-populated\">\n\t\t\t\t\t\t<div class=\"elementor-element elementor-element-76d1311 elementor-widget elementor-widget-counter\" data-id=\"76d1311\" data-element_type=\"widget\" data-e-type=\"widget\" data-widget_type=\"counter.default\">\n\t\t\t\t<div class=\"elementor-widget-container\">\n\t\t\t\t\t\t\t<div class=\"elementor-counter\">\n\t\t\t<div class=\"elementor-counter-title\">\u0421\u0442\u0440\u0430\u043d\u044b  <\/div>\t\t\t<div class=\"elementor-counter-number-wrapper\">\n\t\t\t\t<span class=\"elementor-counter-number-prefix\"><\/span>\n\t\t\t\t<span class=\"elementor-counter-number\" data-duration=\"2000\" data-to-value=\"27\" data-from-value=\"0\" data-delimiter=\",\">0<\/span>\n\t\t\t\t<span class=\"elementor-counter-number-suffix\">+<\/span>\n\t\t\t<\/div>\n\t\t<\/div>\n\t\t\t\t\t\t<\/div>\n\t\t\t\t<\/div>\n\t\t\t\t\t<\/div>\n\t\t<\/div>\n\t\t\t\t\t<\/div>\n\t\t<\/section>\n\t\t\t\t<section class=\"elementor-section elementor-inner-section elementor-element elementor-element-f10f765 elementor-section-boxed elementor-section-height-default elementor-section-height-default\" data-id=\"f10f765\" data-element_type=\"section\" data-e-type=\"section\" data-settings=\"{&quot;background_background&quot;:&quot;classic&quot;}\">\n\t\t\t\t\t\t<div class=\"elementor-container elementor-column-gap-no\">\n\t\t\t\t\t<div class=\"elementor-column elementor-col-100 elementor-inner-column elementor-element elementor-element-fbc921d\" data-id=\"fbc921d\" data-element_type=\"column\" data-e-type=\"column\">\n\t\t\t<div class=\"elementor-widget-wrap elementor-element-populated\">\n\t\t\t\t\t\t<div class=\"elementor-element elementor-element-78bc168 elementor-widget-divider--view-line elementor-widget elementor-widget-divider\" data-id=\"78bc168\" data-element_type=\"widget\" data-e-type=\"widget\" data-widget_type=\"divider.default\">\n\t\t\t\t<div class=\"elementor-widget-container\">\n\t\t\t\t\t\t\t<div class=\"elementor-divider\">\n\t\t\t<span class=\"elementor-divider-separator\">\n\t\t\t\t\t\t<\/span>\n\t\t<\/div>\n\t\t\t\t\t\t<\/div>\n\t\t\t\t<\/div>\n\t\t\t\t\t<\/div>\n\t\t<\/div>\n\t\t\t\t\t<\/div>\n\t\t<\/section>\n\t\t\t\t<section class=\"elementor-section elementor-inner-section elementor-element elementor-element-f7ec55c elementor-section-boxed elementor-section-height-default elementor-section-height-default\" data-id=\"f7ec55c\" data-element_type=\"section\" data-e-type=\"section\" data-settings=\"{&quot;background_background&quot;:&quot;classic&quot;}\">\n\t\t\t\t\t\t<div class=\"elementor-container elementor-column-gap-default\">\n\t\t\t\t\t<div class=\"elementor-column elementor-col-50 elementor-inner-column elementor-element elementor-element-def14c9\" data-id=\"def14c9\" data-element_type=\"column\" data-e-type=\"column\">\n\t\t\t<div class=\"elementor-widget-wrap elementor-element-populated\">\n\t\t\t\t\t\t<div class=\"elementor-element elementor-element-a0f10c5 elementor-widget elementor-widget-counter\" data-id=\"a0f10c5\" data-element_type=\"widget\" data-e-type=\"widget\" data-widget_type=\"counter.default\">\n\t\t\t\t<div class=\"elementor-widget-container\">\n\t\t\t\t\t\t\t<div class=\"elementor-counter\">\n\t\t\t<div class=\"elementor-counter-title\">\u041f\u043e\u043b\u043e\u0436\u0438\u0442\u0435\u043b\u044c\u043d\u044b\u0435 \u043e\u0442\u0437\u044b\u0432\u044b<\/div>\t\t\t<div class=\"elementor-counter-number-wrapper\">\n\t\t\t\t<span class=\"elementor-counter-number-prefix\"><\/span>\n\t\t\t\t<span class=\"elementor-counter-number\" data-duration=\"2000\" data-to-value=\"98\" data-from-value=\"0\" data-delimiter=\",\">0<\/span>\n\t\t\t\t<span class=\"elementor-counter-number-suffix\">%<\/span>\n\t\t\t<\/div>\n\t\t<\/div>\n\t\t\t\t\t\t<\/div>\n\t\t\t\t<\/div>\n\t\t\t\t\t<\/div>\n\t\t<\/div>\n\t\t\t\t<div class=\"elementor-column elementor-col-50 elementor-inner-column elementor-element elementor-element-a43b2db\" data-id=\"a43b2db\" data-element_type=\"column\" data-e-type=\"column\">\n\t\t\t<div class=\"elementor-widget-wrap elementor-element-populated\">\n\t\t\t\t\t\t<div class=\"elementor-element elementor-element-dfa5292 elementor-widget elementor-widget-counter\" data-id=\"dfa5292\" data-element_type=\"widget\" data-e-type=\"widget\" data-widget_type=\"counter.default\">\n\t\t\t\t<div class=\"elementor-widget-container\">\n\t\t\t\t\t\t\t<div class=\"elementor-counter\">\n\t\t\t<div class=\"elementor-counter-title\">\u0417\u0430\u043a\u0430\u0437 \u0432\u044b\u043f\u043e\u043b\u043d\u0435\u043d<\/div>\t\t\t<div class=\"elementor-counter-number-wrapper\">\n\t\t\t\t<span class=\"elementor-counter-number-prefix\"><\/span>\n\t\t\t\t<span class=\"elementor-counter-number\" data-duration=\"2000\" data-to-value=\"2664\" data-from-value=\"0\" data-delimiter=\",\">0<\/span>\n\t\t\t\t<span class=\"elementor-counter-number-suffix\">+<\/span>\n\t\t\t<\/div>\n\t\t<\/div>\n\t\t\t\t\t\t<\/div>\n\t\t\t\t<\/div>\n\t\t\t\t\t<\/div>\n\t\t<\/div>\n\t\t\t\t\t<\/div>\n\t\t<\/section>\n\t\t\t\t\t<\/div>\n\t\t<\/div>\n\t\t\t\t<div class=\"elementor-column elementor-col-50 elementor-top-column elementor-element elementor-element-4fb63c3\" data-id=\"4fb63c3\" data-element_type=\"column\" data-e-type=\"column\">\n\t\t\t<div class=\"elementor-widget-wrap elementor-element-populated\">\n\t\t\t\t\t\t<div class=\"elementor-element elementor-element-5da84c5 elementor-widget elementor-widget-heading\" data-id=\"5da84c5\" data-element_type=\"widget\" data-e-type=\"widget\" data-widget_type=\"heading.default\">\n\t\t\t\t<div class=\"elementor-widget-container\">\n\t\t\t\t\t<h2 class=\"elementor-heading-title elementor-size-default\">\u041c\u044b \u043f\u043e\u043b\u0443\u0447\u0438\u043b\u0438 \u0432 2 \u0440\u0430\u0437\u0430 \u0431\u043e\u043b\u044c\u0448\u0435 \u043f\u0440\u0438\u0431\u044b\u043b\u0438 \u0432 \u0418\u043d\u0442\u0435\u0440\u043d\u0435\u0442\u0435\n\u043f\u0440\u043e\u0434\u0430\u0436\u0438 \u0432 2021 \u0433\u043e\u0434\u0443.<\/h2>\t\t\t\t<\/div>\n\t\t\t\t<\/div>\n\t\t\t\t<div class=\"elementor-element elementor-element-2ecd087 elementor-widget__width-initial elementor-widget elementor-widget-text-editor\" data-id=\"2ecd087\" data-element_type=\"widget\" data-e-type=\"widget\" data-widget_type=\"text-editor.default\">\n\t\t\t\t<div class=\"elementor-widget-container\">\n\t\t\t\t\t\t\t\t\t<p>\u041c\u043d\u043e\u0433\u0438\u0435 \u043f\u0430\u043a\u0435\u0442\u044b \u043d\u0430\u0441\u0442\u043e\u043b\u044c\u043d\u044b\u0445 \u0438\u0437\u0434\u0430\u0442\u0435\u043b\u044c\u0441\u043a\u0438\u0445 \u0441\u0438\u0441\u0442\u0435\u043c \u0438 \u0440\u0435\u0434\u0430\u043a\u0442\u043e\u0440\u044b \u0432\u0435\u0431-\u0441\u0442\u0440\u0430\u043d\u0438\u0446 \u0432 \u043d\u0430\u0441\u0442\u043e\u044f\u0449\u0435\u0435 \u0432\u0440\u0435\u043c\u044f \u0438\u0441\u043f\u043e\u043b\u044c\u0437\u0443\u044e\u0442 Lorem Ipsum \u0432 \u043a\u0430\u0447\u0435\u0441\u0442\u0432\u0435 \u0442\u0438\u043f\u043e\u0432\u043e\u0433\u043e \u0442\u0435\u043a\u0441\u0442\u0430 \u043f\u043e \u0443\u043c\u043e\u043b\u0447\u0430\u043d\u0438\u044e, \u0430 \u043f\u043e\u0438\u0441\u043a \u043f\u043e \u0437\u0430\u043f\u0440\u043e\u0441\u0443 &#171;lorem ipsum&#187; \u043e\u0431\u043d\u0430\u0440\u0443\u0436\u0438\u0442 \u043c\u043d\u043e\u0436\u0435\u0441\u0442\u0432\u043e \u0442\u0430\u043a\u0438\u0445 \u043f\u0430\u043a\u0435\u0442\u043e\u0432, \u043d\u0430\u0445\u043e\u0434\u044f\u0449\u0438\u0445\u0441\u044f \u0432 \u0437\u0430\u0447\u0430\u0442\u043e\u0447\u043d\u043e\u043c \u0441\u043e\u0441\u0442\u043e\u044f\u043d\u0438\u0438.<\/p>\n\t\t\t\t\t\t\t\t<\/div>\n\t\t\t\t<\/div>\n\t\t\t\t\t<\/div>\n\t\t<\/div>\n\t\t\t\t\t<\/div>\n\t\t<\/section>\n\t\t\t\t<section class=\"elementor-section elementor-top-section elementor-element elementor-element-6432b23 elementor-section-stretched elementor-section-content-middle elementor-section-boxed elementor-section-height-default elementor-section-height-default\" data-id=\"6432b23\" data-element_type=\"section\" data-e-type=\"section\" data-settings=\"{&quot;stretch_section&quot;:&quot;section-stretched&quot;}\">\n\t\t\t\t\t\t<div class=\"elementor-container elementor-column-gap-custom\">\n\t\t\t\t\t<div class=\"elementor-column elementor-col-50 elementor-top-column elementor-element elementor-element-d195483\" data-id=\"d195483\" data-element_type=\"column\" data-e-type=\"column\">\n\t\t\t<div class=\"elementor-widget-wrap elementor-element-populated\">\n\t\t\t\t\t\t<div class=\"elementor-element elementor-element-d34bcc3 elementor-widget elementor-widget-image\" data-id=\"d34bcc3\" data-element_type=\"widget\" data-e-type=\"widget\" data-widget_type=\"image.default\">\n\t\t\t\t<div class=\"elementor-widget-container\">\n\t\t\t\t\t\t\t\t\t\t\t\t\t\t\t<img loading=\"lazy\" loading=\"lazy\" decoding=\"async\" width=\"1500\" height=\"1041\" src=\"https:\/\/dagfood.com\/wp-content\/uploads\/2023\/07\/delicious-dried-apricots-fruit-market-min.jpg\" class=\"attachment-full size-full wp-image-1385\" alt=\"\" srcset=\"https:\/\/dagfood.com\/wp-content\/uploads\/2023\/07\/delicious-dried-apricots-fruit-market-min.jpg 1500w, https:\/\/dagfood.com\/wp-content\/uploads\/2023\/07\/delicious-dried-apricots-fruit-market-min-300x208.jpg 300w, https:\/\/dagfood.com\/wp-content\/uploads\/2023\/07\/delicious-dried-apricots-fruit-market-min-1024x711.jpg 1024w, https:\/\/dagfood.com\/wp-content\/uploads\/2023\/07\/delicious-dried-apricots-fruit-market-min-768x533.jpg 768w, https:\/\/dagfood.com\/wp-content\/uploads\/2023\/07\/delicious-dried-apricots-fruit-market-min-600x416.jpg 600w, https:\/\/dagfood.com\/wp-content\/uploads\/2023\/07\/delicious-dried-apricots-fruit-market-min-1x1.jpg 1w, https:\/\/dagfood.com\/wp-content\/uploads\/2023\/07\/delicious-dried-apricots-fruit-market-min-10x7.jpg 10w\" sizes=\"auto, (max-width: 1500px) 100vw, 1500px\" \/>\t\t\t\t\t\t\t\t\t\t\t\t\t\t\t<\/div>\n\t\t\t\t<\/div>\n\t\t\t\t\t<\/div>\n\t\t<\/div>\n\t\t\t\t<div class=\"elementor-column elementor-col-50 elementor-top-column elementor-element elementor-element-5af1f69\" data-id=\"5af1f69\" data-element_type=\"column\" data-e-type=\"column\">\n\t\t\t<div class=\"elementor-widget-wrap elementor-element-populated\">\n\t\t\t\t\t\t<div class=\"elementor-element elementor-element-abc2ed5 elementor-widget elementor-widget-heading\" data-id=\"abc2ed5\" data-element_type=\"widget\" data-e-type=\"widget\" data-widget_type=\"heading.default\">\n\t\t\t\t<div class=\"elementor-widget-container\">\n\t\t\t\t\t<h2 class=\"elementor-heading-title elementor-size-default\">\u0421\u0443\u0448\u0435\u043d\u044b\u0439 \u0430\u0431\u0440\u0438\u043a\u043e\u0441<\/h2>\t\t\t\t<\/div>\n\t\t\t\t<\/div>\n\t\t\t\t<div class=\"elementor-element elementor-element-0357bf4 elementor-widget__width-initial elementor-widget elementor-widget-text-editor\" data-id=\"0357bf4\" data-element_type=\"widget\" data-e-type=\"widget\" data-widget_type=\"text-editor.default\">\n\t\t\t\t<div class=\"elementor-widget-container\">\n\t\t\t\t\t\t\t\t\t<p>Donec arcu purus, euismod nec eleifend eating ends, luctus efficitur erat. Pellentesque at justo porttitor quis ornare ante integer quis ornare ante. Phasellus vel aliquam libero. Donec arcu purus, euismod nec eleifend et, luctus efficitur erat. Pellentesque at justo porttitor.<\/p>\n\t\t\t\t\t\t\t\t<\/div>\n\t\t\t\t<\/div>\n\t\t\t\t\t<\/div>\n\t\t<\/div>\n\t\t\t\t\t<\/div>\n\t\t<\/section>\n\t\t\t\t<section class=\"elementor-section elementor-top-section elementor-element elementor-element-ad8d39d elementor-section-stretched elementor-section-content-middle elementor-reverse-mobile elementor-section-boxed elementor-section-height-default elementor-section-height-default\" data-id=\"ad8d39d\" data-element_type=\"section\" data-e-type=\"section\" data-settings=\"{&quot;stretch_section&quot;:&quot;section-stretched&quot;}\">\n\t\t\t\t\t\t<div class=\"elementor-container elementor-column-gap-custom\">\n\t\t\t\t\t<div class=\"elementor-column elementor-col-50 elementor-top-column elementor-element elementor-element-011e3d5\" data-id=\"011e3d5\" data-element_type=\"column\" data-e-type=\"column\">\n\t\t\t<div class=\"elementor-widget-wrap elementor-element-populated\">\n\t\t\t\t\t\t<div class=\"elementor-element elementor-element-c9f4436 elementor-widget elementor-widget-heading\" data-id=\"c9f4436\" data-element_type=\"widget\" data-e-type=\"widget\" data-widget_type=\"heading.default\">\n\t\t\t\t<div class=\"elementor-widget-container\">\n\t\t\t\t\t<h2 class=\"elementor-heading-title elementor-size-default\">\u0410\u0431\u0440\u0438\u043a\u043e\u0441 \u0441\u0443\u0448\u0435\u043d\u044b\u0439 \u043d\u0430\u0442\u0443\u0440\u0430\u043b\u044c\u043d\u044b\u0439<\/h2>\t\t\t\t<\/div>\n\t\t\t\t<\/div>\n\t\t\t\t<div class=\"elementor-element elementor-element-8353bec elementor-widget__width-initial elementor-widget elementor-widget-text-editor\" data-id=\"8353bec\" data-element_type=\"widget\" data-e-type=\"widget\" data-widget_type=\"text-editor.default\">\n\t\t\t\t<div class=\"elementor-widget-container\">\n\t\t\t\t\t\t\t\t\t<p>Pellentesque at justo porttitor quis ornare ante integer quis ornareins ante. Phasellus vel aliquam libero. Donec arcu purus, euismod nec eleifend et, luctus efficitur erat. Pellentesque at justo porttitor quis ornare ante integer quis ornare ante. Phasellus vel aliquam simply libero.<\/p>\n\t\t\t\t\t\t\t\t<\/div>\n\t\t\t\t<\/div>\n\t\t\t\t\t<\/div>\n\t\t<\/div>\n\t\t\t\t<div class=\"elementor-column elementor-col-50 elementor-top-column elementor-element elementor-element-77a3fe2\" data-id=\"77a3fe2\" data-element_type=\"column\" data-e-type=\"column\">\n\t\t\t<div class=\"elementor-widget-wrap elementor-element-populated\">\n\t\t\t\t\t\t<div class=\"elementor-element elementor-element-6f8c3e4 elementor-widget elementor-widget-image\" data-id=\"6f8c3e4\" data-element_type=\"widget\" data-e-type=\"widget\" data-widget_type=\"image.default\">\n\t\t\t\t<div class=\"elementor-widget-container\">\n\t\t\t\t\t\t\t\t\t\t\t\t\t\t\t<img loading=\"lazy\" loading=\"lazy\" decoding=\"async\" width=\"2000\" height=\"1334\" src=\"https:\/\/dagfood.com\/wp-content\/uploads\/2023\/07\/dried-apricots-2-min.jpg\" class=\"attachment-full size-full wp-image-1388\" alt=\"\" srcset=\"https:\/\/dagfood.com\/wp-content\/uploads\/2023\/07\/dried-apricots-2-min.jpg 2000w, https:\/\/dagfood.com\/wp-content\/uploads\/2023\/07\/dried-apricots-2-min-300x200.jpg 300w, https:\/\/dagfood.com\/wp-content\/uploads\/2023\/07\/dried-apricots-2-min-1024x683.jpg 1024w, https:\/\/dagfood.com\/wp-content\/uploads\/2023\/07\/dried-apricots-2-min-768x512.jpg 768w, https:\/\/dagfood.com\/wp-content\/uploads\/2023\/07\/dried-apricots-2-min-1536x1025.jpg 1536w, https:\/\/dagfood.com\/wp-content\/uploads\/2023\/07\/dried-apricots-2-min-600x400.jpg 600w, https:\/\/dagfood.com\/wp-content\/uploads\/2023\/07\/dried-apricots-2-min-1x1.jpg 1w, https:\/\/dagfood.com\/wp-content\/uploads\/2023\/07\/dried-apricots-2-min-10x7.jpg 10w\" sizes=\"auto, (max-width: 2000px) 100vw, 2000px\" \/>\t\t\t\t\t\t\t\t\t\t\t\t\t\t\t<\/div>\n\t\t\t\t<\/div>\n\t\t\t\t\t<\/div>\n\t\t<\/div>\n\t\t\t\t\t<\/div>\n\t\t<\/section>\n\t\t\t\t<\/div>\n\t\t","protected":false},"excerpt":{"rendered":"<p>\u041e\u041e\u041e &#171;\u0414\u0430\u0433 \u0424\u0443\u0434&#187;. \u0412 1986 \u0433\u043e\u0434\u0443 \u043a\u043e\u043c\u043f\u0430\u043d\u0438\u044f Da\u011f Trading \u043d\u0430\u0447\u0430\u043b\u0430 \u0441\u0432\u043e\u044e \u0434\u0435\u044f\u0442\u0435\u043b\u044c\u043d\u043e\u0441\u0442\u044c,&#8230;<\/p>\n","protected":false},"author":1,"featured_media":2115,"parent":0,"menu_order":0,"comment_status":"closed","ping_status":"closed","template":"","meta":{"footnotes":""},"class_list":["post-2498","page","type-page","status-publish","has-post-thumbnail","hentry"],"_links":{"self":[{"href":"https:\/\/dagfood.com\/ru\/wp-json\/wp\/v2\/pages\/2498","targetHints":{"allow":["GET"]}}],"collection":[{"href":"https:\/\/dagfood.com\/ru\/wp-json\/wp\/v2\/pages"}],"about":[{"href":"https:\/\/dagfood.com\/ru\/wp-json\/wp\/v2\/types\/page"}],"author":[{"embeddable":true,"href":"https:\/\/dagfood.com\/ru\/wp-json\/wp\/v2\/users\/1"}],"replies":[{"embeddable":true,"href":"https:\/\/dagfood.com\/ru\/wp-json\/wp\/v2\/comments?post=2498"}],"version-history":[{"count":3,"href":"https:\/\/dagfood.com\/ru\/wp-json\/wp\/v2\/pages\/2498\/revisions"}],"predecessor-version":[{"id":2573,"href":"https:\/\/dagfood.com\/ru\/wp-json\/wp\/v2\/pages\/2498\/revisions\/2573"}],"wp:featuredmedia":[{"embeddable":true,"href":"https:\/\/dagfood.com\/ru\/wp-json\/wp\/v2\/media\/2115"}],"wp:attachment":[{"href":"https:\/\/dagfood.com\/ru\/wp-json\/wp\/v2\/media?parent=2498"}],"curies":[{"name":"wp","href":"https:\/\/api.w.org\/{rel}","templated":true}]}}