{"id":2510,"date":"2023-09-07T05:55:19","date_gmt":"2023-09-07T05:55:19","guid":{"rendered":"https:\/\/dagfood.com\/misyon-vizyon-ve-ihracat\/"},"modified":"2023-11-15T11:01:38","modified_gmt":"2023-11-15T11:01:38","slug":"misyon-vizyon-ve-ihracat","status":"publish","type":"page","link":"https:\/\/dagfood.com\/tr\/misyon-vizyon-ve-ihracat\/","title":{"rendered":"Misyon, Vizyon"},"content":{"rendered":"\t\t<div data-elementor-type=\"wp-page\" data-elementor-id=\"2510\" class=\"elementor elementor-2510 elementor-1591\" data-elementor-post-type=\"page\">\n\t\t\t\t\t\t<section class=\"elementor-section elementor-top-section elementor-element elementor-element-57e6d14 elementor-section-boxed elementor-section-height-default elementor-section-height-default\" data-id=\"57e6d14\" data-element_type=\"section\" data-e-type=\"section\">\n\t\t\t\t\t\t<div class=\"elementor-container elementor-column-gap-default\">\n\t\t\t\t\t<div class=\"elementor-column elementor-col-50 elementor-top-column elementor-element elementor-element-d691d87\" data-id=\"d691d87\" data-element_type=\"column\" data-e-type=\"column\">\n\t\t\t<div class=\"elementor-widget-wrap elementor-element-populated\">\n\t\t\t\t\t\t<div class=\"elementor-element elementor-element-dcc52ad elementor-widget elementor-widget-text-editor\" data-id=\"dcc52ad\" data-element_type=\"widget\" data-e-type=\"widget\" data-widget_type=\"text-editor.default\">\n\t\t\t\t<div class=\"elementor-widget-container\">\n\t\t\t\t\t\t\t\t\t<p><strong>Vizyon<\/strong><\/p><p>B\u00f6lgemizde ve T\u00fcrkiye&#8217;de lider g\u0131da da\u011f\u0131t\u0131m \u015firketi olmak i\u00e7in \u00e7al\u0131\u015fmalar\u0131m\u0131z\u0131<\/p><p>Bu anlamda d\u00fcr\u00fcstl\u00fck, kalite ve m\u00fc\u015fteri memnuniyeti bizim gelece\u011fimizdir.<\/p><p><strong>Misyonumuz <\/strong><\/p><p>Misyonumuz, \u00fcr\u00fcn \u00e7e\u015fitlili\u011fi ve kalitesi ile sekt\u00f6r\u00fcn d\u00fcnya markas\u0131 olmak, T\u00fcrkiye&#8217;nin<\/p><p>Ortaklar\u0131m\u0131za ve m\u00fc\u015fterilerimize g\u0131da \u00fcretiminde en iyi hizmeti vermek, y\u00fckselen bir trendle karl\u0131 bir \u015fekilde b\u00fcy\u00fcyen bir \u015firket olmak<\/p><p>\u00fcretkenlik ve bu de\u011ferlere sahip g\u0131da \u015firketi.<\/p><p>adres <strong>sales@dagfood.com<\/strong><\/p>\t\t\t\t\t\t\t\t<\/div>\n\t\t\t\t<\/div>\n\t\t\t\t\t<\/div>\n\t\t<\/div>\n\t\t\t\t<div class=\"elementor-column elementor-col-50 elementor-top-column elementor-element elementor-element-862f8fc\" data-id=\"862f8fc\" data-element_type=\"column\" data-e-type=\"column\">\n\t\t\t<div class=\"elementor-widget-wrap elementor-element-populated\">\n\t\t\t\t\t\t<div class=\"elementor-element elementor-element-5c5b423 elementor-widget elementor-widget-image\" data-id=\"5c5b423\" data-element_type=\"widget\" data-e-type=\"widget\" data-widget_type=\"image.default\">\n\t\t\t\t<div class=\"elementor-widget-container\">\n\t\t\t\t\t\t\t\t\t\t\t\t\t\t\t<img loading=\"lazy\" loading=\"lazy\" decoding=\"async\" width=\"900\" height=\"675\" src=\"https:\/\/dagfood.com\/wp-content\/uploads\/2023\/08\/logo_GUIDE-6-900x675-1.png\" class=\"attachment-full size-full wp-image-1403\" alt=\"\" srcset=\"https:\/\/dagfood.com\/wp-content\/uploads\/2023\/08\/logo_GUIDE-6-900x675-1.png 900w, https:\/\/dagfood.com\/wp-content\/uploads\/2023\/08\/logo_GUIDE-6-900x675-1-300x225.png 300w, https:\/\/dagfood.com\/wp-content\/uploads\/2023\/08\/logo_GUIDE-6-900x675-1-768x576.png 768w, https:\/\/dagfood.com\/wp-content\/uploads\/2023\/08\/logo_GUIDE-6-900x675-1-600x450.png 600w, https:\/\/dagfood.com\/wp-content\/uploads\/2023\/08\/logo_GUIDE-6-900x675-1-1x1.png 1w, https:\/\/dagfood.com\/wp-content\/uploads\/2023\/08\/logo_GUIDE-6-900x675-1-10x8.png 10w\" sizes=\"auto, (max-width: 900px) 100vw, 900px\" \/>\t\t\t\t\t\t\t\t\t\t\t\t\t\t\t<\/div>\n\t\t\t\t<\/div>\n\t\t\t\t\t<\/div>\n\t\t<\/div>\n\t\t\t\t\t<\/div>\n\t\t<\/section>\n\t\t\t\t<\/div>\n\t\t","protected":false},"excerpt":{"rendered":"<p>Vizyon B\u00f6lgemizde ve T\u00fcrkiye&#8217;de lider g\u0131da da\u011f\u0131t\u0131m \u015firketi olmak i\u00e7in \u00e7al\u0131\u015fmalar\u0131m\u0131z\u0131 Bu&#8230;<\/p>\n","protected":false},"author":1,"featured_media":0,"parent":0,"menu_order":0,"comment_status":"closed","ping_status":"closed","template":"","meta":{"footnotes":""},"class_list":["post-2510","page","type-page","status-publish","hentry"],"_links":{"self":[{"href":"https:\/\/dagfood.com\/tr\/wp-json\/wp\/v2\/pages\/2510","targetHints":{"allow":["GET"]}}],"collection":[{"href":"https:\/\/dagfood.com\/tr\/wp-json\/wp\/v2\/pages"}],"about":[{"href":"https:\/\/dagfood.com\/tr\/wp-json\/wp\/v2\/types\/page"}],"author":[{"embeddable":true,"href":"https:\/\/dagfood.com\/tr\/wp-json\/wp\/v2\/users\/1"}],"replies":[{"embeddable":true,"href":"https:\/\/dagfood.com\/tr\/wp-json\/wp\/v2\/comments?post=2510"}],"version-history":[{"count":5,"href":"https:\/\/dagfood.com\/tr\/wp-json\/wp\/v2\/pages\/2510\/revisions"}],"predecessor-version":[{"id":2731,"href":"https:\/\/dagfood.com\/tr\/wp-json\/wp\/v2\/pages\/2510\/revisions\/2731"}],"wp:attachment":[{"href":"https:\/\/dagfood.com\/tr\/wp-json\/wp\/v2\/media?parent=2510"}],"curies":[{"name":"wp","href":"https:\/\/api.w.org\/{rel}","templated":true}]}}