{"id":2570,"date":"2023-09-07T06:07:28","date_gmt":"2023-09-07T06:07:28","guid":{"rendered":"https:\/\/dagfood.com\/dried-apricot-specifications\/"},"modified":"2023-10-26T19:39:22","modified_gmt":"2023-10-26T19:39:22","slug":"dried-apricot-specifications","status":"publish","type":"page","link":"https:\/\/dagfood.com\/tr\/dried-apricot-specifications\/","title":{"rendered":"Dr\u0131ed Apr\u0131cot Spec\u0131f\u0131cat\u0131ons"},"content":{"rendered":"\t\t<div data-elementor-type=\"wp-page\" data-elementor-id=\"2570\" class=\"elementor elementor-2570 elementor-1622\" data-elementor-post-type=\"page\">\n\t\t\t\t\t\t<section class=\"elementor-section elementor-top-section elementor-element elementor-element-0ec6631 elementor-section-boxed elementor-section-height-default elementor-section-height-default\" data-id=\"0ec6631\" data-element_type=\"section\" data-e-type=\"section\">\n\t\t\t\t\t\t<div class=\"elementor-container elementor-column-gap-default\">\n\t\t\t\t\t<div class=\"elementor-column elementor-col-100 elementor-top-column elementor-element elementor-element-237ccd4\" data-id=\"237ccd4\" data-element_type=\"column\" data-e-type=\"column\">\n\t\t\t<div class=\"elementor-widget-wrap elementor-element-populated\">\n\t\t\t\t\t\t<div class=\"elementor-element elementor-element-c784e55 elementor-widget elementor-widget-image\" data-id=\"c784e55\" data-element_type=\"widget\" data-e-type=\"widget\" data-widget_type=\"image.default\">\n\t\t\t\t<div class=\"elementor-widget-container\">\n\t\t\t\t\t\t\t\t\t\t\t\t\t\t\t<img loading=\"lazy\" loading=\"lazy\" decoding=\"async\" width=\"1654\" height=\"2339\" src=\"https:\/\/dagfood.com\/wp-content\/uploads\/2023\/09\/Dag-Food-Dried-Apricot-Spect-1.jpg\" class=\"attachment-full size-full wp-image-1624\" alt=\"\" srcset=\"https:\/\/dagfood.com\/wp-content\/uploads\/2023\/09\/Dag-Food-Dried-Apricot-Spect-1.jpg 1654w, https:\/\/dagfood.com\/wp-content\/uploads\/2023\/09\/Dag-Food-Dried-Apricot-Spect-1-212x300.jpg 212w, https:\/\/dagfood.com\/wp-content\/uploads\/2023\/09\/Dag-Food-Dried-Apricot-Spect-1-724x1024.jpg 724w, https:\/\/dagfood.com\/wp-content\/uploads\/2023\/09\/Dag-Food-Dried-Apricot-Spect-1-768x1086.jpg 768w, https:\/\/dagfood.com\/wp-content\/uploads\/2023\/09\/Dag-Food-Dried-Apricot-Spect-1-1086x1536.jpg 1086w, https:\/\/dagfood.com\/wp-content\/uploads\/2023\/09\/Dag-Food-Dried-Apricot-Spect-1-1448x2048.jpg 1448w, https:\/\/dagfood.com\/wp-content\/uploads\/2023\/09\/Dag-Food-Dried-Apricot-Spect-1-600x848.jpg 600w, https:\/\/dagfood.com\/wp-content\/uploads\/2023\/09\/Dag-Food-Dried-Apricot-Spect-1-1x1.jpg 1w, https:\/\/dagfood.com\/wp-content\/uploads\/2023\/09\/Dag-Food-Dried-Apricot-Spect-1-7x10.jpg 7w\" sizes=\"auto, (max-width: 1654px) 100vw, 1654px\" \/>\t\t\t\t\t\t\t\t\t\t\t\t\t\t\t<\/div>\n\t\t\t\t<\/div>\n\t\t\t\t<div class=\"elementor-element elementor-element-e3d5476 elementor-widget elementor-widget-image\" data-id=\"e3d5476\" data-element_type=\"widget\" data-e-type=\"widget\" data-widget_type=\"image.default\">\n\t\t\t\t<div class=\"elementor-widget-container\">\n\t\t\t\t\t\t\t\t\t\t\t\t\t\t\t<img loading=\"lazy\" loading=\"lazy\" decoding=\"async\" width=\"1654\" height=\"2339\" src=\"https:\/\/dagfood.com\/wp-content\/uploads\/2023\/09\/Dag-Food-Dried-Apricot-Spect-2.jpg\" class=\"attachment-full size-full wp-image-1625\" alt=\"\" srcset=\"https:\/\/dagfood.com\/wp-content\/uploads\/2023\/09\/Dag-Food-Dried-Apricot-Spect-2.jpg 1654w, https:\/\/dagfood.com\/wp-content\/uploads\/2023\/09\/Dag-Food-Dried-Apricot-Spect-2-212x300.jpg 212w, https:\/\/dagfood.com\/wp-content\/uploads\/2023\/09\/Dag-Food-Dried-Apricot-Spect-2-724x1024.jpg 724w, https:\/\/dagfood.com\/wp-content\/uploads\/2023\/09\/Dag-Food-Dried-Apricot-Spect-2-768x1086.jpg 768w, https:\/\/dagfood.com\/wp-content\/uploads\/2023\/09\/Dag-Food-Dried-Apricot-Spect-2-1086x1536.jpg 1086w, https:\/\/dagfood.com\/wp-content\/uploads\/2023\/09\/Dag-Food-Dried-Apricot-Spect-2-1448x2048.jpg 1448w, https:\/\/dagfood.com\/wp-content\/uploads\/2023\/09\/Dag-Food-Dried-Apricot-Spect-2-600x848.jpg 600w, https:\/\/dagfood.com\/wp-content\/uploads\/2023\/09\/Dag-Food-Dried-Apricot-Spect-2-1x1.jpg 1w, https:\/\/dagfood.com\/wp-content\/uploads\/2023\/09\/Dag-Food-Dried-Apricot-Spect-2-7x10.jpg 7w\" sizes=\"auto, (max-width: 1654px) 100vw, 1654px\" \/>\t\t\t\t\t\t\t\t\t\t\t\t\t\t\t<\/div>\n\t\t\t\t<\/div>\n\t\t\t\t<div class=\"elementor-element elementor-element-ca63c15 elementor-widget elementor-widget-image\" data-id=\"ca63c15\" data-element_type=\"widget\" data-e-type=\"widget\" data-widget_type=\"image.default\">\n\t\t\t\t<div class=\"elementor-widget-container\">\n\t\t\t\t\t\t\t\t\t\t\t\t\t\t\t<img loading=\"lazy\" loading=\"lazy\" decoding=\"async\" width=\"1654\" height=\"2339\" src=\"https:\/\/dagfood.com\/wp-content\/uploads\/2023\/09\/Dag-Food-Dried-Apricot-Spect-3.jpg\" class=\"attachment-full size-full wp-image-1626\" alt=\"\" srcset=\"https:\/\/dagfood.com\/wp-content\/uploads\/2023\/09\/Dag-Food-Dried-Apricot-Spect-3.jpg 1654w, https:\/\/dagfood.com\/wp-content\/uploads\/2023\/09\/Dag-Food-Dried-Apricot-Spect-3-212x300.jpg 212w, https:\/\/dagfood.com\/wp-content\/uploads\/2023\/09\/Dag-Food-Dried-Apricot-Spect-3-724x1024.jpg 724w, https:\/\/dagfood.com\/wp-content\/uploads\/2023\/09\/Dag-Food-Dried-Apricot-Spect-3-768x1086.jpg 768w, https:\/\/dagfood.com\/wp-content\/uploads\/2023\/09\/Dag-Food-Dried-Apricot-Spect-3-1086x1536.jpg 1086w, https:\/\/dagfood.com\/wp-content\/uploads\/2023\/09\/Dag-Food-Dried-Apricot-Spect-3-1448x2048.jpg 1448w, https:\/\/dagfood.com\/wp-content\/uploads\/2023\/09\/Dag-Food-Dried-Apricot-Spect-3-600x848.jpg 600w, https:\/\/dagfood.com\/wp-content\/uploads\/2023\/09\/Dag-Food-Dried-Apricot-Spect-3-1x1.jpg 1w, https:\/\/dagfood.com\/wp-content\/uploads\/2023\/09\/Dag-Food-Dried-Apricot-Spect-3-7x10.jpg 7w\" sizes=\"auto, (max-width: 1654px) 100vw, 1654px\" \/>\t\t\t\t\t\t\t\t\t\t\t\t\t\t\t<\/div>\n\t\t\t\t<\/div>\n\t\t\t\t\t<\/div>\n\t\t<\/div>\n\t\t\t\t\t<\/div>\n\t\t<\/section>\n\t\t\t\t<\/div>\n\t\t","protected":false},"excerpt":{"rendered":"","protected":false},"author":1,"featured_media":0,"parent":0,"menu_order":0,"comment_status":"closed","ping_status":"closed","template":"","meta":{"footnotes":""},"class_list":["post-2570","page","type-page","status-publish","hentry"],"_links":{"self":[{"href":"https:\/\/dagfood.com\/tr\/wp-json\/wp\/v2\/pages\/2570","targetHints":{"allow":["GET"]}}],"collection":[{"href":"https:\/\/dagfood.com\/tr\/wp-json\/wp\/v2\/pages"}],"about":[{"href":"https:\/\/dagfood.com\/tr\/wp-json\/wp\/v2\/types\/page"}],"author":[{"embeddable":true,"href":"https:\/\/dagfood.com\/tr\/wp-json\/wp\/v2\/users\/1"}],"replies":[{"embeddable":true,"href":"https:\/\/dagfood.com\/tr\/wp-json\/wp\/v2\/comments?post=2570"}],"version-history":[{"count":1,"href":"https:\/\/dagfood.com\/tr\/wp-json\/wp\/v2\/pages\/2570\/revisions"}],"predecessor-version":[{"id":2571,"href":"https:\/\/dagfood.com\/tr\/wp-json\/wp\/v2\/pages\/2570\/revisions\/2571"}],"wp:attachment":[{"href":"https:\/\/dagfood.com\/tr\/wp-json\/wp\/v2\/media?parent=2570"}],"curies":[{"name":"wp","href":"https:\/\/api.w.org\/{rel}","templated":true}]}}