{"id":2557,"date":"2023-09-07T06:20:24","date_gmt":"2023-09-07T06:20:24","guid":{"rendered":"https:\/\/dagfood.com\/product\/kabuklu-findik\/"},"modified":"2023-09-07T06:20:24","modified_gmt":"2023-09-07T06:20:24","slug":"kabuklu-findik","status":"publish","type":"product","link":"https:\/\/dagfood.com\/tr\/urun\/kabuklu-findik\/","title":{"rendered":"Kabuklu F\u0131nd\u0131k"},"content":{"rendered":"<p><strong>K\u00f6ken:<\/strong> T\u00fcrkiye<br \/>\n<strong>\u0130\u015flem:<\/strong> Hasat edilen f\u0131nd\u0131klar\u0131n ye\u015fil d\u0131\u015f kabuklar\u0131n\u0131 \u00e7\u0131kar\u0131n, g\u00fcne\u015f \u0131\u015f\u0131\u011f\u0131 alt\u0131nda kurutun<br \/>\n<strong>T\u00fcketim \u015eekli:<\/strong> At\u0131\u015ft\u0131rmal\u0131k olarak t\u00fcketilebilir<br \/>\n<strong>Boyut: <\/strong>14-16mm, 16-18mm, 18-20mm, 20-22mm veya m\u00fc\u015fteri spesifikasyonlar\u0131na g\u00f6re.<\/p>\n","protected":false},"excerpt":{"rendered":"<p>K\u00f6ken: T\u00fcrkiye \u0130\u015flem: Hasat edilen f\u0131nd\u0131klar\u0131n ye\u015fil d\u0131\u015f kabuklar\u0131n\u0131 \u00e7\u0131kar\u0131n, g\u00fcne\u015f \u0131\u015f\u0131\u011f\u0131&#8230;<\/p>\n","protected":false},"featured_media":2194,"comment_status":"open","ping_status":"closed","template":"","meta":[],"etheme_brands":[],"product_brand":[],"product_cat":[67],"product_tag":[],"class_list":{"0":"post-2557","1":"product","2":"type-product","3":"status-publish","4":"has-post-thumbnail","6":"product_cat-findik","8":"first","9":"instock","10":"shipping-taxable","11":"product-type-simple"},"_links":{"self":[{"href":"https:\/\/dagfood.com\/tr\/wp-json\/wp\/v2\/product\/2557","targetHints":{"allow":["GET"]}}],"collection":[{"href":"https:\/\/dagfood.com\/tr\/wp-json\/wp\/v2\/product"}],"about":[{"href":"https:\/\/dagfood.com\/tr\/wp-json\/wp\/v2\/types\/product"}],"replies":[{"embeddable":true,"href":"https:\/\/dagfood.com\/tr\/wp-json\/wp\/v2\/comments?post=2557"}],"version-history":[{"count":0,"href":"https:\/\/dagfood.com\/tr\/wp-json\/wp\/v2\/product\/2557\/revisions"}],"wp:featuredmedia":[{"embeddable":true,"href":"https:\/\/dagfood.com\/tr\/wp-json\/wp\/v2\/media\/2194"}],"wp:attachment":[{"href":"https:\/\/dagfood.com\/tr\/wp-json\/wp\/v2\/media?parent=2557"}],"wp:term":[{"taxonomy":"brand","embeddable":true,"href":"https:\/\/dagfood.com\/tr\/wp-json\/wp\/v2\/etheme_brands?post=2557"},{"taxonomy":"product_brand","embeddable":true,"href":"https:\/\/dagfood.com\/tr\/wp-json\/wp\/v2\/product_brand?post=2557"},{"taxonomy":"product_cat","embeddable":true,"href":"https:\/\/dagfood.com\/tr\/wp-json\/wp\/v2\/product_cat?post=2557"},{"taxonomy":"product_tag","embeddable":true,"href":"https:\/\/dagfood.com\/tr\/wp-json\/wp\/v2\/product_tag?post=2557"}],"curies":[{"name":"wp","href":"https:\/\/api.w.org\/{rel}","templated":true}]}}