{"id":2562,"date":"2023-08-19T12:23:04","date_gmt":"2023-08-19T12:23:04","guid":{"rendered":"https:\/\/dagfood.com\/product\/kukurtlenmemis-kuru-kayisi\/"},"modified":"2023-08-19T12:23:04","modified_gmt":"2023-08-19T12:23:04","slug":"sulfursuz-kuru-kayisi","status":"publish","type":"product","link":"https:\/\/dagfood.com\/tr\/urun\/sulfursuz-kuru-kayisi\/","title":{"rendered":"K\u00fck\u00fcrtlenmemi\u015f Kuru Kay\u0131s\u0131"},"content":{"rendered":"<p><strong>Bilgi<\/strong><br \/>\nK\u00fck\u00fcrts\u00fcz B\u00fct\u00fcn \u00c7ekirdeksiz G\u00fcn Kurusu Kay\u0131s\u0131.<br \/>\n<strong>Ambalaj Tipi<\/strong><br \/>\n&#8211; 12,5 kg Karton Kutu<br \/>\n&#8211; 5 kg Karton Kutu<br \/>\n&#8211; 1000 gr, 500 gr, 400 gr, 250 gr Pvc ve K\u00f6p\u00fck<\/p>\n<p><strong>Besin De\u011ferleri<\/strong><\/p>\n<p>&#8211; Enerji (kcal) 249,11 kcal<br \/>\n&#8211; Protein 3,6 g<br \/>\n&#8211; Ya\u011f 0,41 g<br \/>\n&#8211; Toplam Diter Lif 6,47 g<br \/>\n&#8211; Karbonhidrat 60,99 g<br \/>\n&#8211; Tuz 0,03 g<br \/>\n&#8211; Toplam \u015eeker 39,3 g<\/p>\n<p><strong>S\u0131n\u0131f \/ Derece<\/strong><br \/>\n&#8211; Ekstra<br \/>\n&#8211; S\u0131n\u0131f 1<br \/>\n&#8211; S\u0131n\u0131f 2<\/p>\n<p><strong>Boyut (Kalibre\/kg)<\/strong><\/p>\n<p>&#8211; Jumbo (61-80 adet\/kg)<br \/>\n&#8211; Boy 1 (81-100 adet\/kg)<br \/>\n&#8211; Boyut 2 (101-120 adet\/kg)<br \/>\n&#8211; Boyut 3 (121-140 adet\/kg)<br \/>\n&#8211; Boy 4 (141-160 adet\/kg)<br \/>\n&#8211; Boy 5 (161-180 adet\/kg)<br \/>\n&#8211; Boyut 6 (181-200 adet\/kg)<br \/>\n&#8211; Boyut 7 (201-220 adet\/kg)<br \/>\n&#8211; Boyut 8 (221 adet\/kg)<\/p>\n<p><strong>Nem<\/strong><\/p>\n<p>&#8211; 18 min. &#8211; Maksimum %22.<\/p>\n","protected":false},"excerpt":{"rendered":"<p>Bilgi K\u00fck\u00fcrts\u00fcz B\u00fct\u00fcn \u00c7ekirdeksiz G\u00fcn Kurusu Kay\u0131s\u0131. Ambalaj Tipi &#8211; 12,5 kg&#8230;<\/p>\n","protected":false},"featured_media":2098,"comment_status":"open","ping_status":"closed","template":"","meta":[],"etheme_brands":[],"product_brand":[],"product_cat":[69],"product_tag":[],"class_list":{"0":"post-2562","1":"product","2":"type-product","3":"status-publish","4":"has-post-thumbnail","6":"product_cat-kuru-kayisi","8":"first","9":"instock","10":"shipping-taxable","11":"product-type-simple"},"_links":{"self":[{"href":"https:\/\/dagfood.com\/tr\/wp-json\/wp\/v2\/product\/2562","targetHints":{"allow":["GET"]}}],"collection":[{"href":"https:\/\/dagfood.com\/tr\/wp-json\/wp\/v2\/product"}],"about":[{"href":"https:\/\/dagfood.com\/tr\/wp-json\/wp\/v2\/types\/product"}],"replies":[{"embeddable":true,"href":"https:\/\/dagfood.com\/tr\/wp-json\/wp\/v2\/comments?post=2562"}],"version-history":[{"count":0,"href":"https:\/\/dagfood.com\/tr\/wp-json\/wp\/v2\/product\/2562\/revisions"}],"wp:featuredmedia":[{"embeddable":true,"href":"https:\/\/dagfood.com\/tr\/wp-json\/wp\/v2\/media\/2098"}],"wp:attachment":[{"href":"https:\/\/dagfood.com\/tr\/wp-json\/wp\/v2\/media?parent=2562"}],"wp:term":[{"taxonomy":"brand","embeddable":true,"href":"https:\/\/dagfood.com\/tr\/wp-json\/wp\/v2\/etheme_brands?post=2562"},{"taxonomy":"product_brand","embeddable":true,"href":"https:\/\/dagfood.com\/tr\/wp-json\/wp\/v2\/product_brand?post=2562"},{"taxonomy":"product_cat","embeddable":true,"href":"https:\/\/dagfood.com\/tr\/wp-json\/wp\/v2\/product_cat?post=2562"},{"taxonomy":"product_tag","embeddable":true,"href":"https:\/\/dagfood.com\/tr\/wp-json\/wp\/v2\/product_tag?post=2562"}],"curies":[{"name":"wp","href":"https:\/\/api.w.org\/{rel}","templated":true}]}}