{"id":2563,"date":"2023-08-19T12:18:33","date_gmt":"2023-08-19T12:18:33","guid":{"rendered":"https:\/\/dagfood.com\/product\/endustriyel-sinif-kayisi\/"},"modified":"2023-08-19T12:18:33","modified_gmt":"2023-08-19T12:18:33","slug":"endustri%cc%87yel-sevi%cc%87ye-kayisi","status":"publish","type":"product","link":"https:\/\/dagfood.com\/tr\/urun\/endustri%cc%87yel-sevi%cc%87ye-kayisi\/","title":{"rendered":"End\u00fcstriyel S\u0131n\u0131f Kay\u0131s\u0131"},"content":{"rendered":"<p><strong>Bilgi<\/strong><br \/>\nK\u00fck\u00fcrtl\u00fc B\u00fct\u00fcn \u00c7ekirdeksiz G\u00fcn Kurusu Kay\u0131s\u0131.<br \/>\n<strong>Ambalaj Tipi<\/strong><\/p>\n<p>&#8211; 12,5 kg Karton Kutu<\/p>\n<p>&#8211; 5 kg Karton Kutu<\/p>\n<p>&#8211; 4,75 Karton Kutu<\/p>\n<p><strong>Besin De\u011ferleri<\/strong><\/p>\n<p>&#8211; Enerji (kcal) 249,11 kcal<br \/>\n&#8211; Protein 3,6 g<br \/>\n&#8211; Ya\u011f 0,41 g<br \/>\n&#8211; Toplam Diter Lif 6,47 g<br \/>\n&#8211; Karbonhidrat 60,99 g<br \/>\n&#8211; Tuz 0,03 g<br \/>\n&#8211; Toplam \u015eeker 39,3 g<\/p>\n<p><strong>Alerjen<\/strong><br \/>\nS\u00fclf\u00fcrdioksit (E220) renk tutma \u00f6zelli\u011fini destekler.<\/p>\n<p><strong>S\u0131n\u0131f \/ Derece<\/strong><\/p>\n<p>&#8211; S\u0131n\u0131f 1<br \/>\n&#8211; S\u0131n\u0131f 2<\/p>\n<p><strong>Boyut (Kalibre\/kg)<\/strong><\/p>\n<p>&#8211; D\u00fczensiz<\/p>\n<p><strong>Nem \/ SO2<\/strong><\/p>\n<p>&#8211; Maksimum %24.<br \/>\n&#8211; AB Mevzuat\u0131 i\u00e7in 2000 ppm&#8217;den az.<\/p>\n","protected":false},"excerpt":{"rendered":"<p>Bilgi K\u00fck\u00fcrtl\u00fc B\u00fct\u00fcn \u00c7ekirdeksiz G\u00fcn Kurusu Kay\u0131s\u0131. Ambalaj Tipi &#8211; 12,5 kg&#8230;<\/p>\n","protected":false},"featured_media":2090,"comment_status":"open","ping_status":"closed","template":"","meta":[],"etheme_brands":[],"product_brand":[],"product_cat":[69],"product_tag":[],"class_list":{"0":"post-2563","1":"product","2":"type-product","3":"status-publish","4":"has-post-thumbnail","6":"product_cat-kuru-kayisi","8":"first","9":"instock","10":"shipping-taxable","11":"product-type-simple"},"_links":{"self":[{"href":"https:\/\/dagfood.com\/tr\/wp-json\/wp\/v2\/product\/2563","targetHints":{"allow":["GET"]}}],"collection":[{"href":"https:\/\/dagfood.com\/tr\/wp-json\/wp\/v2\/product"}],"about":[{"href":"https:\/\/dagfood.com\/tr\/wp-json\/wp\/v2\/types\/product"}],"replies":[{"embeddable":true,"href":"https:\/\/dagfood.com\/tr\/wp-json\/wp\/v2\/comments?post=2563"}],"version-history":[{"count":0,"href":"https:\/\/dagfood.com\/tr\/wp-json\/wp\/v2\/product\/2563\/revisions"}],"wp:featuredmedia":[{"embeddable":true,"href":"https:\/\/dagfood.com\/tr\/wp-json\/wp\/v2\/media\/2090"}],"wp:attachment":[{"href":"https:\/\/dagfood.com\/tr\/wp-json\/wp\/v2\/media?parent=2563"}],"wp:term":[{"taxonomy":"brand","embeddable":true,"href":"https:\/\/dagfood.com\/tr\/wp-json\/wp\/v2\/etheme_brands?post=2563"},{"taxonomy":"product_brand","embeddable":true,"href":"https:\/\/dagfood.com\/tr\/wp-json\/wp\/v2\/product_brand?post=2563"},{"taxonomy":"product_cat","embeddable":true,"href":"https:\/\/dagfood.com\/tr\/wp-json\/wp\/v2\/product_cat?post=2563"},{"taxonomy":"product_tag","embeddable":true,"href":"https:\/\/dagfood.com\/tr\/wp-json\/wp\/v2\/product_tag?post=2563"}],"curies":[{"name":"wp","href":"https:\/\/api.w.org\/{rel}","templated":true}]}}