{"id":2565,"date":"2023-08-19T12:13:08","date_gmt":"2023-08-19T12:13:08","guid":{"rendered":"https:\/\/dagfood.com\/product\/kukurtlu-kuru-kayisi-kupleri\/"},"modified":"2023-08-19T12:13:08","modified_gmt":"2023-08-19T12:13:08","slug":"kukurtlu-kuru-kayisi-dilimleri","status":"publish","type":"product","link":"https:\/\/dagfood.com\/tr\/urun\/kukurtlu-kuru-kayisi-dilimleri\/","title":{"rendered":"K\u00fck\u00fcrtl\u00fc Kuru Kay\u0131s\u0131 K\u00fcpleri"},"content":{"rendered":"<p><strong>Bilgi<\/strong><br \/>\nPirin\u00e7 Unu ile G\u00fcn Kurusu K\u00fck\u00fcrtl\u00fc Kay\u0131s\u0131 K\u00fcpleri.<\/p>\n<p><strong>Ambalaj Tipi<\/strong><\/p>\n<p>&#8211; 12,5 kg Karton Kutu<\/p>\n<p>&#8211; 5 kg Karton Kutu<\/p>\n<p><strong>Besin De\u011ferleri<\/strong><\/p>\n<p>&#8211; Enerji (kcal) 249,11 kcal<br \/>\n&#8211; Protein 3,6 g<br \/>\n&#8211; Ya\u011f 0,41 g<br \/>\n&#8211; Toplam Diter Lif 6,47 g<br \/>\n&#8211; Karbonhidrat 60,99 g<br \/>\n&#8211; Tuz 0,03 g<br \/>\n&#8211; Toplam \u015eeker 39,3 g<\/p>\n<p><strong>Alerjen<\/strong><\/p>\n<p>S\u00fclf\u00fcrdioksit (E220) renk tutma \u00f6zelli\u011fini destekler.<\/p>\n<p><strong>Malzeme<\/strong><br \/>\nPirin\u00e7 Unu (maksimum %1)<\/p>\n<p><strong>S\u0131n\u0131f \/ Derece<\/strong><\/p>\n<p>&#8211; Ekstra<br \/>\n&#8211; S\u0131n\u0131f 1<\/p>\n<p>-S\u0131n\u0131f 2<\/p>\n<p><strong>Boyut (Dimension)<\/strong><\/p>\n<p>&#8211; 10*10 mm<br \/>\n&#8211; 8*10 mm<br \/>\n&#8211; 8*8 mm<br \/>\n&#8211; 6*8 mm<br \/>\n&#8211; 6*6 mm<br \/>\n&#8211; 5*7 mm<br \/>\n&#8211; 5*5 mm<br \/>\n&#8211; 4*6 mm<\/p>\n<p><strong>Nem \/ SO2<\/strong><\/p>\n<p>&#8211; Maksimum %22.<br \/>\n&#8211; AB Mevzuat\u0131 i\u00e7in 2000 ppm&#8217;den az.<\/p>\n","protected":false},"excerpt":{"rendered":"<p>Bilgi Pirin\u00e7 Unu ile G\u00fcn Kurusu K\u00fck\u00fcrtl\u00fc Kay\u0131s\u0131 K\u00fcpleri. Ambalaj Tipi &#8211;&#8230;<\/p>\n","protected":false},"featured_media":2130,"comment_status":"open","ping_status":"closed","template":"","meta":[],"etheme_brands":[],"product_brand":[],"product_cat":[69],"product_tag":[],"class_list":{"0":"post-2565","1":"product","2":"type-product","3":"status-publish","4":"has-post-thumbnail","6":"product_cat-kuru-kayisi","8":"first","9":"instock","10":"shipping-taxable","11":"product-type-simple"},"_links":{"self":[{"href":"https:\/\/dagfood.com\/tr\/wp-json\/wp\/v2\/product\/2565","targetHints":{"allow":["GET"]}}],"collection":[{"href":"https:\/\/dagfood.com\/tr\/wp-json\/wp\/v2\/product"}],"about":[{"href":"https:\/\/dagfood.com\/tr\/wp-json\/wp\/v2\/types\/product"}],"replies":[{"embeddable":true,"href":"https:\/\/dagfood.com\/tr\/wp-json\/wp\/v2\/comments?post=2565"}],"version-history":[{"count":0,"href":"https:\/\/dagfood.com\/tr\/wp-json\/wp\/v2\/product\/2565\/revisions"}],"wp:featuredmedia":[{"embeddable":true,"href":"https:\/\/dagfood.com\/tr\/wp-json\/wp\/v2\/media\/2130"}],"wp:attachment":[{"href":"https:\/\/dagfood.com\/tr\/wp-json\/wp\/v2\/media?parent=2565"}],"wp:term":[{"taxonomy":"brand","embeddable":true,"href":"https:\/\/dagfood.com\/tr\/wp-json\/wp\/v2\/etheme_brands?post=2565"},{"taxonomy":"product_brand","embeddable":true,"href":"https:\/\/dagfood.com\/tr\/wp-json\/wp\/v2\/product_brand?post=2565"},{"taxonomy":"product_cat","embeddable":true,"href":"https:\/\/dagfood.com\/tr\/wp-json\/wp\/v2\/product_cat?post=2565"},{"taxonomy":"product_tag","embeddable":true,"href":"https:\/\/dagfood.com\/tr\/wp-json\/wp\/v2\/product_tag?post=2565"}],"curies":[{"name":"wp","href":"https:\/\/api.w.org\/{rel}","templated":true}]}}